{"id":58,"date":"2020-04-19T13:00:45","date_gmt":"2020-04-19T11:00:45","guid":{"rendered":"http:\/\/wwb.wohnart3.de\/?page_id=58"},"modified":"2026-03-23T13:14:51","modified_gmt":"2026-03-23T12:14:51","slug":"impressum-datenschutz","status":"publish","type":"page","link":"https:\/\/www.wohnart3.de\/?page_id=58","title":{"rendered":"Impressum &#038; Datenschutz"},"content":{"rendered":"\n<p class=\"has-white-color has-light-green-cyan-background-color has-text-color has-background\"><strong>WohnArt 3 e.V.<\/strong><\/p>\n\n\n\n<p>In der Versammlung vom 24.05.2006 haben die Gr\u00fcndungsmitglieder die Satzung verabschiedet und den Verein WohnArt 3 gegr\u00fcndet. Der Verein ist im Vereinsregister Darmstadt unter der Nummer <strong>82024<\/strong> eingetragen.<\/p>\n\n\n\n<div class=\"wp-block-group\"><div class=\"wp-block-group__inner-container is-layout-flow wp-block-group-is-layout-flow\">\n<div class=\"wp-block-group\"><div class=\"wp-block-group__inner-container is-layout-flow wp-block-group-is-layout-flow\">\n<div class=\"wp-block-group\"><div class=\"wp-block-group__inner-container is-layout-flow wp-block-group-is-layout-flow\">\n<div class=\"wp-block-group\"><div class=\"wp-block-group__inner-container is-layout-flow wp-block-group-is-layout-flow\">\n<p>WohnArt 3 e. V.<br>Elisabeth-Selbert-Str. 6<br><strong>64289 Darmstadt<\/strong><\/p>\n\n\n\n<p>Telefon: 06151 9816 476 (Vorstand)<\/p>\n\n\n\n<p>Mail: <span class=\"has-inline-color has-vivid-green-cyan-color\">vorstand@wohnart3.de<\/span><\/p>\n<\/div><\/div>\n<\/div><\/div>\n\n\n\n<p class=\"has-black-color has-text-color\">Infos \u00fcber: <mark style=\"background-color:rgba(0, 0, 0, 0)\" class=\"has-inline-color has-vivid-green-cyan-color\">kontakt@wohnart3.de<\/mark><\/p>\n\n\n\n<p class=\"has-light-green-cyan-background-color has-background\">Vertretungsberechtigte Vorstandmitglieder sind <br>seit 5. M\u00e4rz 2025:<\/p>\n\n\n\n<p>Martina Weigand (Kassenf\u00fchrung)<br>Waltraud D\u00f6rr (Schriftf\u00fchrung)<br>Gila Gertz<br>Felix Lanfermann<br>Konstantin Pleil<\/p>\n\n\n\n<p class=\"has-pale-cyan-blue-background-color has-background\">Bankverbindung<\/p>\n\n\n\n<p>IBAN:&nbsp;DE59 4306 0967 1348 8480 00<br>GLS-Bank <\/p>\n\n\n\n<p>Gl\u00e4ubiger ID:  DE98 ZZZ 0000 0963 549<\/p>\n\n\n\n<p class=\"has-white-color has-text-color has-background\" style=\"background-color:#00d161\"><strong>Dokumente<\/strong> <\/p>\n\n\n\n<div class=\"wp-block-group\"><div class=\"wp-block-group__inner-container is-layout-flow wp-block-group-is-layout-flow\">\n<h2 class=\"wp-block-heading has-vivid-cyan-blue-color has-text-color has-normal-font-size\"><a href=\"https:\/\/www.wohnart3.de\/wp-content\/uploads\/2020\/04\/2006-09-25-Satzung-WohnArt-3-v1.4_0.pdf\"><strong>Vereinssatzung<\/strong><\/a><br><br><a href=\"https:\/\/www.wohnart3.de\/wp-content\/uploads\/2021\/12\/Infobroschuere_2011.pdf\">Infobrosch\u00fcre 2011<\/a> <\/h2>\n\n\n\n<figure class=\"wp-block-image size-full\"><img loading=\"lazy\" decoding=\"async\" width=\"100\" height=\"71\" src=\"https:\/\/www.wohnart3.de\/wp-content\/uploads\/2024\/11\/ikon_Info_2011.jpg\" alt=\"\" class=\"wp-image-2617\"\/><\/figure>\n\n\n\n<p><a rel=\"noreferrer noopener\" href=\"https:\/\/www.dropbox.com\/scl\/fi\/zlth33sqycizvpv3ievf5\/WA3-Plakat-web_korr.jpg?rlkey=is5wqdwddpnvdpolo9iivpo4w&amp;st=xtrp6s0b&amp;dl=0\" target=\"_blank\">Info-Plakat 2024<\/a><\/p>\n\n\n\n<figure class=\"wp-block-image size-full\"><img loading=\"lazy\" decoding=\"async\" width=\"100\" height=\"141\" src=\"https:\/\/www.wohnart3.de\/wp-content\/uploads\/2024\/11\/ikon_Plakat.jpg\" alt=\"\" class=\"wp-image-2623\"\/><\/figure>\n<\/div><\/div>\n\n\n\n<p><\/p>\n<\/div><\/div>\n<\/div><\/div>\n","protected":false},"excerpt":{"rendered":"<p>WohnArt 3 e.V. In der Versammlung vom 24.05.2006 haben die Gr\u00fcndungsmitglieder die Satzung verabschiedet und den Verein WohnArt 3 gegr\u00fcndet. Der Verein ist im Vereinsregister Darmstadt unter der Nummer 82024 eingetragen. WohnArt 3 e. V.Elisabeth-Selbert-Str. 664289 Darmstadt Telefon: 06151 9816 476 (Vorstand) Mail: vorstand@wohnart3.de Infos \u00fcber: kontakt@wohnart3.de Vertretungsberechtigte Vorstandmitglieder sind seit 5. M\u00e4rz 2025: Martina &hellip; <\/p>\n<p class=\"link-more\"><a href=\"https:\/\/www.wohnart3.de\/?page_id=58\" class=\"more-link\"><span class=\"screen-reader-text\">\u201eImpressum &#038; Datenschutz\u201c<\/span> weiterlesen<\/a><\/p>\n","protected":false},"author":1,"featured_media":0,"parent":0,"menu_order":0,"comment_status":"closed","ping_status":"closed","template":"","meta":{"footnotes":""},"simple-restrict-permission":[],"class_list":["post-58","page","type-page","status-publish","hentry"],"_links":{"self":[{"href":"https:\/\/www.wohnart3.de\/index.php?rest_route=\/wp\/v2\/pages\/58","targetHints":{"allow":["GET"]}}],"collection":[{"href":"https:\/\/www.wohnart3.de\/index.php?rest_route=\/wp\/v2\/pages"}],"about":[{"href":"https:\/\/www.wohnart3.de\/index.php?rest_route=\/wp\/v2\/types\/page"}],"author":[{"embeddable":true,"href":"https:\/\/www.wohnart3.de\/index.php?rest_route=\/wp\/v2\/users\/1"}],"replies":[{"embeddable":true,"href":"https:\/\/www.wohnart3.de\/index.php?rest_route=%2Fwp%2Fv2%2Fcomments&post=58"}],"version-history":[{"count":69,"href":"https:\/\/www.wohnart3.de\/index.php?rest_route=\/wp\/v2\/pages\/58\/revisions"}],"predecessor-version":[{"id":3091,"href":"https:\/\/www.wohnart3.de\/index.php?rest_route=\/wp\/v2\/pages\/58\/revisions\/3091"}],"wp:attachment":[{"href":"https:\/\/www.wohnart3.de\/index.php?rest_route=%2Fwp%2Fv2%2Fmedia&parent=58"}],"wp:term":[{"taxonomy":"simple-restrict-permission","embeddable":true,"href":"https:\/\/www.wohnart3.de\/index.php?rest_route=%2Fwp%2Fv2%2Fsimple-restrict-permission&post=58"}],"curies":[{"name":"wp","href":"https:\/\/api.w.org\/{rel}","templated":true}]}}