{"id":23,"date":"2020-04-13T23:59:45","date_gmt":"2020-04-13T21:59:45","guid":{"rendered":"http:\/\/wwb.wohnart3.de\/?page_id=23"},"modified":"2025-06-16T00:03:21","modified_gmt":"2025-06-15T22:03:21","slug":"wohnart-3","status":"publish","type":"page","link":"https:\/\/www.wohnart3.de\/?page_id=23","title":{"rendered":"WohnArt 3"},"content":{"rendered":"\n<p class=\"has-luminous-vivid-amber-background-color has-background\"><strong>gemeinschaftlich &#8211; \u00f6kologisch &#8211; selbstverwaltet<\/strong><\/p>\n\n\n\n<p>Initiiert wurde das Mietwohnprojekt von der\u00a0<a rel=\"noreferrer noopener\" href=\"http:\/\/www.wohnsinn-darmstadt.de\/\" target=\"_blank\">Bau+ Wohngenossenschaft WohnSinn e.G.<\/a>\u00a0und der\u00a0<a rel=\"noreferrer noopener\" href=\"http:\/\/www.bauvereinag.de\/\" target=\"_blank\">bauverein AG<\/a>\u00a0im M\u00e4rz 2005. WohnArt 3 ist ein eingetragener Verein und Kooperationspartner der bauverein AG. WohnArt 3 hat mit geplant, und organisiert seit Einzug die Selbstverwaltung der Bewohner:innen.\u00a0<\/p>\n\n\n\n<p class=\"has-background\" style=\"background-color:#66e166\"><strong>WohnArt 3 e.V. &#8211; Unser Verein<\/strong><\/p>\n\n\n\n<p>WohnArt 3 hat sich aus einer Interessengruppe f\u00fcr gemeinschaftliches Wohnen von Jung und Alt am 24. 05. 2006 als Verein gegr\u00fcndet. Er verfolgt die Zielsetzung nach dem Vorbild der WohnSinn eG auch f\u00fcr Mieter:innen, um das gemeinschaftliche Wohnen in der Liegenschaft der bauverein AG zu erm\u00f6glichen. <\/p>\n\n\n\n<p>Der Verein bildet rechtlich den Vertragspartner der bauverein AG durch einen  Kooperationsvertrag, ist Mieter der Gemeinschaftsfl\u00e4chen und Tr\u00e4ger der Selbstverwaltung der Bewohner:innen.<\/p>\n\n\n\n<p class=\"has-text-color\" style=\"color:#04b201;font-size:18px\"><strong>Warum WohnArt 3 ?<\/strong><\/p>\n\n\n\n<p>WohnArt 3 m\u00f6chte Menschen ein Zuhause bieten,<\/p>\n\n\n\n<ul class=\"wp-block-list\">\n<li>die gerne in einem aktiven nachbarschaftlichen Umfeld leben und sich einbringen m\u00f6chten,<\/li>\n\n\n\n<li>die bereit sind, Aufgaben f\u00fcr die Gemeinschaft zu \u00fcbernehmen,<\/li>\n\n\n\n<li>die gerne alle Altersklassen von Jung bis Alt um sich haben<\/li>\n\n\n\n<li>die gerne gemeinsam etwas unternehmen m\u00f6chten,<\/li>\n\n\n\n<li>die sich f\u00fcr ein Passivhaus und \u00f6kologische Lebensweise interessieren.<\/li>\n<\/ul>\n\n\n\n<p>Auch wenn gerade keine passende Wohnung frei wird, freuen wir uns jederzeit \u00fcber Interessenten. Beispielsweise durch Besuch einer Mitgliederversammlung und in einem pers\u00f6nlichen\u00a0Gespr\u00e4ch. <br>Der Mitgliedsbeitrag betr\u00e4gt j\u00e4hrlich 30 \u20ac. <\/p>\n\n\n\n<p><a href=\"\/?page_id=58\">Satzung und Formulare<\/a><\/p>\n\n\n\n<p class=\"has-text-color\" style=\"color:#04b201;font-size:18px\"><strong>Mietermodell WohnArt 3<\/strong><\/p>\n\n\n\n<figure class=\"wp-block-image size-large\"><img loading=\"lazy\" decoding=\"async\" width=\"1024\" height=\"563\" src=\"https:\/\/www.wohnart3.de\/wp-content\/uploads\/2025\/02\/VO-VA-grafik-2-1024x563.jpg\" alt=\"\" class=\"wp-image-2736\" srcset=\"https:\/\/www.wohnart3.de\/wp-content\/uploads\/2025\/02\/VO-VA-grafik-2-1024x563.jpg 1024w, https:\/\/www.wohnart3.de\/wp-content\/uploads\/2025\/02\/VO-VA-grafik-2-300x165.jpg 300w, https:\/\/www.wohnart3.de\/wp-content\/uploads\/2025\/02\/VO-VA-grafik-2-768x422.jpg 768w, https:\/\/www.wohnart3.de\/wp-content\/uploads\/2025\/02\/VO-VA-grafik-2-1536x844.jpg 1536w, https:\/\/www.wohnart3.de\/wp-content\/uploads\/2025\/02\/VO-VA-grafik-2.jpg 1692w\" sizes=\"auto, (max-width: 767px) 89vw, (max-width: 1000px) 54vw, (max-width: 1071px) 543px, 580px\" \/><\/figure>\n\n\n\n<ul class=\"wp-block-list\">\n<li><\/li>\n<\/ul>\n\n\n\n<p class=\"has-black-color has-pale-cyan-blue-background-color has-text-color has-background\"><strong>Organe des Vereins<\/strong><\/p>\n\n\n\n<h2 class=\"has-vivid-cyan-blue-color has-text-color wp-block-heading\" id=\"der-vorstand\" style=\"font-size:17px\"><strong>Der Vorstand<\/strong><\/h2>\n\n\n\n<p>Der Vorstand als gesch\u00e4ftsf\u00fchrendes Organ ist alleine berechtigt, Rechtsgesch\u00e4fte f\u00fcr den Verein zu t\u00e4tigen.  Der Vorstand verantwortet die Finanzen des Vereins. Er organisiert die Mitgliederversammlung.<\/p>\n\n\n\n<h3 class=\"has-vivid-cyan-blue-color has-text-color wp-block-heading\" id=\"der-verwaltungsausschuss\" style=\"font-size:17px\"><strong>Der Verwaltungsausschuss<\/strong><\/h3>\n\n\n\n<p>Der Verwaltungsausschuss k\u00fcmmert sich um die Belange des Hauses. Im Rahmen der  Selbstverwaltung sind dies die Organisation der Reinigung der Gemeinschaftsfl\u00e4chen und Pflege der Aussenanlagen sowie die Wahrung der Hausordnung und der Verkehrsicherungspflicht.<\/p>\n\n\n\n<h3 class=\"has-vivid-cyan-blue-color has-text-color wp-block-heading\" id=\"die-ombudsleute\" style=\"font-size:17px\"><strong>Die Ombudsleute<\/strong><\/h3>\n\n\n\n<p>Die Ombudsleute werden durch die Mitgliederversammlung bestimmt und sind nicht Mitglieder des Vorstands oder Verwaltungsausschuss. In seiner Funktion erm\u00f6glicht die Ombudsfrau \/ der Ombudsmann Streitf\u00e4lle unter den Mitgliedern beizulegen.<\/p>\n\n\n\n<h3 class=\"has-vivid-cyan-blue-color has-text-color wp-block-heading\" id=\"die-mitgliederversammlung\" style=\"font-size:17px\"><strong>Die Mitgliederversammlung<\/strong><\/h3>\n\n\n\n<p>Die Mitgliederversammlung ist das oberste Beschluss fassende Vereinsorgan. Sie findet in der Regel am ersten Mittwoch jeden Monats im gro\u00dfen Gemeinschaftsraum statt. Die Ladung erfolgt durch den Vorstand per Mail. <\/p>\n\n\n\n<p class=\"has-pale-cyan-blue-background-color has-background\"><a href=\"\/?page_id=139\">Ordnungen &amp; Beschl\u00fcsse (intern)<\/a><\/p>\n","protected":false},"excerpt":{"rendered":"<p>gemeinschaftlich &#8211; \u00f6kologisch &#8211; selbstverwaltet Initiiert wurde das Mietwohnprojekt von der\u00a0Bau+ Wohngenossenschaft WohnSinn e.G.\u00a0und der\u00a0bauverein AG\u00a0im M\u00e4rz 2005. WohnArt 3 ist ein eingetragener Verein und Kooperationspartner der bauverein AG. WohnArt 3 hat mit geplant, und organisiert seit Einzug die Selbstverwaltung der Bewohner:innen.\u00a0 WohnArt 3 e.V. &#8211; Unser Verein WohnArt 3 hat sich aus einer Interessengruppe &hellip; <\/p>\n<p class=\"link-more\"><a href=\"https:\/\/www.wohnart3.de\/?page_id=23\" class=\"more-link\"><span class=\"screen-reader-text\">\u201eWohnArt 3\u201c<\/span> weiterlesen<\/a><\/p>\n","protected":false},"author":1,"featured_media":0,"parent":0,"menu_order":0,"comment_status":"closed","ping_status":"closed","template":"","meta":{"footnotes":""},"simple-restrict-permission":[],"class_list":["post-23","page","type-page","status-publish","hentry"],"_links":{"self":[{"href":"https:\/\/www.wohnart3.de\/index.php?rest_route=\/wp\/v2\/pages\/23","targetHints":{"allow":["GET"]}}],"collection":[{"href":"https:\/\/www.wohnart3.de\/index.php?rest_route=\/wp\/v2\/pages"}],"about":[{"href":"https:\/\/www.wohnart3.de\/index.php?rest_route=\/wp\/v2\/types\/page"}],"author":[{"embeddable":true,"href":"https:\/\/www.wohnart3.de\/index.php?rest_route=\/wp\/v2\/users\/1"}],"replies":[{"embeddable":true,"href":"https:\/\/www.wohnart3.de\/index.php?rest_route=%2Fwp%2Fv2%2Fcomments&post=23"}],"version-history":[{"count":52,"href":"https:\/\/www.wohnart3.de\/index.php?rest_route=\/wp\/v2\/pages\/23\/revisions"}],"predecessor-version":[{"id":2910,"href":"https:\/\/www.wohnart3.de\/index.php?rest_route=\/wp\/v2\/pages\/23\/revisions\/2910"}],"wp:attachment":[{"href":"https:\/\/www.wohnart3.de\/index.php?rest_route=%2Fwp%2Fv2%2Fmedia&parent=23"}],"wp:term":[{"taxonomy":"simple-restrict-permission","embeddable":true,"href":"https:\/\/www.wohnart3.de\/index.php?rest_route=%2Fwp%2Fv2%2Fsimple-restrict-permission&post=23"}],"curies":[{"name":"wp","href":"https:\/\/api.w.org\/{rel}","templated":true}]}}