{"id":103,"date":"2020-04-19T21:33:48","date_gmt":"2020-04-19T19:33:48","guid":{"rendered":"http:\/\/wwb.wohnart3.de\/?page_id=103"},"modified":"2026-02-18T05:15:21","modified_gmt":"2026-02-18T04:15:21","slug":"raummiete","status":"publish","type":"page","link":"https:\/\/www.wohnart3.de\/?page_id=103","title":{"rendered":"Raum mieten"},"content":{"rendered":"\n<ul class=\"wp-block-list\">\n<li>Erwachsene Mitglieder von WohnArt3 k\u00f6nnen die Gemeinschaftsr\u00e4ume buchen und sind verantwortlich f\u00fcr die ordnungsgem\u00e4\u00dfe Nutzung und R\u00fcckgabe.&nbsp;<\/li>\n<\/ul>\n\n\n\n<ul class=\"wp-block-list\">\n<li>Eine eMail mit Betreff: &#8222;Ihre Reservierungsanfrage &#8230; ist bei WohnArt 3 angekommen &#8230;&#8220; best\u00e4tigt das Einreichen.<\/li>\n<\/ul>\n\n\n\n<ul class=\"wp-block-list\">\n<li>Die Best\u00e4tigung der Reservierung f\u00fcr das G\u00e4steapartment und die H\u00f6he des Mietpreises wird per eMail mitgeteilt. <br><em>Keine Best\u00e4tigung wird f\u00fcr die Entgeltfreie Buchung des Obbe und Unne verschickt.<\/em><\/li>\n<\/ul>\n\n\n\n<ul class=\"wp-block-list\">\n<li>Den Schl\u00fcssel f\u00fcr das G\u00e4steapartment gibt es bei der \u00dcbergabe von 20,- Euro Kaution.   Abweichende Regelungen teilt das Raumbelegungsteam gegebenfalls mit.<\/li>\n<\/ul>\n\n\n\n<p class=\"has-luminous-vivid-amber-background-color has-background\"><strong>Reservierung<\/strong><\/p>\n\n\n\n<p><a href=\"https:\/\/www.wohnart3.de\/wp-content\/uploads\/2020\/04\/150706_Raumreservierung.pdf\"><strong>Formular Raumreservierung<\/strong><\/a> (PDF zum Ausdrucken) <br><br><strong><a href=\"https:\/\/www.wohnart3.de\/wp-content\/uploads\/2024\/02\/24-2-7_Preisliste_GemRaeume-scaled.jpg\">Preisliste<\/a> <\/strong><\/p>\n\n\n\n<p><a rel=\"noreferrer noopener\" href=\"https:\/\/www.wohnart3.de\/?page_id=2881\" data-type=\"page\" data-id=\"2881\" target=\"_blank\"><strong>Belegungsplan<\/strong><\/a>&nbsp; Hier findet ihr die gebuchten Reservierungen f\u00fcr Unne, Obbe und das G\u00e4steapartment im 1. OG.    Anschauen geht nur nach dem Anmelden !<\/p>\n\n\n\n<p><strong>Online Reservierung<\/strong> der WohnArt3-R\u00e4ume:<\/p>\n\n\n\n<p class=\"has-text-align-center has-vivid-cyan-blue-background-color has-background\"><a href=\"https:\/\/www.wohnart3.de\/?page_id=275\"><strong><mark style=\"background-color:#0693e3\" class=\"has-inline-color has-white-color\">G\u00e4ste-Apartment  1. OG<\/mark><\/strong><\/a><\/p>\n\n\n\n<p class=\"has-text-align-center has-vivid-purple-background-color has-background\"> <strong><a href=\"https:\/\/www.wohnart3.de\/?page_id=284\"><mark style=\"background-color:#9b51e0\" class=\"has-inline-color has-white-color\">Unne &#8211; gro\u00dfer Gemeinschaftsraum<\/mark><\/a> <\/strong><\/p>\n\n\n\n<p class=\"has-text-align-center has-pale-cyan-blue-background-color has-background\"><a href=\"https:\/\/www.wohnart3.de\/?page_id=287\"><strong><mark style=\"background-color:#8ed1fc\" class=\"has-inline-color\">Obbe &#8211; kleiner Gruppenraum 1. OG<\/mark><\/strong><\/a><\/p>\n\n\n\n<p class=\"has-background\" style=\"background-color:#fed04f\">Bei R\u00fcckfragen: Telefon 06151 &#8211; 9618 274 oder Email an [raum@wohnart3.de ] <br>\u00dcberweisungen des Entgelts an: WohnArt 3 e.V.,<br>IBAN: DE59 4306 0967 1348 8480 00<\/p>\n\n\n\n<p><br><\/p>\n","protected":false},"excerpt":{"rendered":"<p>Reservierung Formular Raumreservierung (PDF zum Ausdrucken) Preisliste Belegungsplan&nbsp; Hier findet ihr die gebuchten Reservierungen f\u00fcr Unne, Obbe und das G\u00e4steapartment im 1. OG. Anschauen geht nur nach dem Anmelden ! Online Reservierung der WohnArt3-R\u00e4ume: G\u00e4ste-Apartment 1. OG Unne &#8211; gro\u00dfer Gemeinschaftsraum Obbe &#8211; kleiner Gruppenraum 1. OG Bei R\u00fcckfragen: Telefon 06151 &#8211; 9618 274 oder &hellip; <\/p>\n<p class=\"link-more\"><a href=\"https:\/\/www.wohnart3.de\/?page_id=103\" class=\"more-link\"><span class=\"screen-reader-text\">\u201eRaum mieten\u201c<\/span> weiterlesen<\/a><\/p>\n","protected":false},"author":1,"featured_media":0,"parent":0,"menu_order":0,"comment_status":"closed","ping_status":"closed","template":"","meta":{"footnotes":""},"simple-restrict-permission":[],"class_list":["post-103","page","type-page","status-publish","hentry"],"_links":{"self":[{"href":"https:\/\/www.wohnart3.de\/index.php?rest_route=\/wp\/v2\/pages\/103","targetHints":{"allow":["GET"]}}],"collection":[{"href":"https:\/\/www.wohnart3.de\/index.php?rest_route=\/wp\/v2\/pages"}],"about":[{"href":"https:\/\/www.wohnart3.de\/index.php?rest_route=\/wp\/v2\/types\/page"}],"author":[{"embeddable":true,"href":"https:\/\/www.wohnart3.de\/index.php?rest_route=\/wp\/v2\/users\/1"}],"replies":[{"embeddable":true,"href":"https:\/\/www.wohnart3.de\/index.php?rest_route=%2Fwp%2Fv2%2Fcomments&post=103"}],"version-history":[{"count":89,"href":"https:\/\/www.wohnart3.de\/index.php?rest_route=\/wp\/v2\/pages\/103\/revisions"}],"predecessor-version":[{"id":3073,"href":"https:\/\/www.wohnart3.de\/index.php?rest_route=\/wp\/v2\/pages\/103\/revisions\/3073"}],"wp:attachment":[{"href":"https:\/\/www.wohnart3.de\/index.php?rest_route=%2Fwp%2Fv2%2Fmedia&parent=103"}],"wp:term":[{"taxonomy":"simple-restrict-permission","embeddable":true,"href":"https:\/\/www.wohnart3.de\/index.php?rest_route=%2Fwp%2Fv2%2Fsimple-restrict-permission&post=103"}],"curies":[{"name":"wp","href":"https:\/\/api.w.org\/{rel}","templated":true}]}}